{"id":1,"date":"2015-12-08T04:59:12","date_gmt":"2015-12-08T04:59:12","guid":{"rendered":"http:\/\/15.188.72.69\/wp\/?p=1"},"modified":"2023-10-24T13:23:49","modified_gmt":"2023-10-24T13:23:49","slug":"hola-mon","status":"publish","type":"page","link":"http:\/\/15.188.72.69\/index.php\/ca\/hola-mon\/","title":{"rendered":"Francesc Ros\u00e9s Albiol &#8211; Presentaci\u00f3"},"content":{"rendered":"<p>Aquest \u00e9s el lloc web de Francesc Ros\u00e9s Albiol. Aqu\u00ed, hi trobaran des de la meva <a href=\"http:\/\/15.188.72.69\/index.php\/ca\/experiencia-professional\/\">traject\u00f2ria professional<\/a> fins a <a href=\"http:\/\/15.188.72.69\/index.php\/ca\/articles\/\">articles<\/a> i <a href=\"http:\/\/15.188.72.69\/index.php\/ca\/descarregues\/\">utilitats<\/a> que es\u00a0podran descarregar.<\/p>\n","protected":false},"excerpt":{"rendered":"<p>Aquest \u00e9s el lloc web de Francesc Ros\u00e9s Albiol. Aqu\u00ed, hi trobaran des de la meva traject\u00f2ria professional fins a articles i utilitats que es\u00a0podran descarregar.<\/p>\n","protected":false},"author":1,"featured_media":0,"parent":0,"menu_order":0,"comment_status":"closed","ping_status":"open","template":"page-templates\/full-width.php","meta":{"footnotes":""},"class_list":["post-1","page","type-page","status-publish","hentry"],"_links":{"self":[{"href":"http:\/\/15.188.72.69\/index.php\/wp-json\/wp\/v2\/pages\/1","targetHints":{"allow":["GET"]}}],"collection":[{"href":"http:\/\/15.188.72.69\/index.php\/wp-json\/wp\/v2\/pages"}],"about":[{"href":"http:\/\/15.188.72.69\/index.php\/wp-json\/wp\/v2\/types\/page"}],"author":[{"embeddable":true,"href":"http:\/\/15.188.72.69\/index.php\/wp-json\/wp\/v2\/users\/1"}],"replies":[{"embeddable":true,"href":"http:\/\/15.188.72.69\/index.php\/wp-json\/wp\/v2\/comments?post=1"}],"version-history":[{"count":11,"href":"http:\/\/15.188.72.69\/index.php\/wp-json\/wp\/v2\/pages\/1\/revisions"}],"predecessor-version":[{"id":418,"href":"http:\/\/15.188.72.69\/index.php\/wp-json\/wp\/v2\/pages\/1\/revisions\/418"}],"wp:attachment":[{"href":"http:\/\/15.188.72.69\/index.php\/wp-json\/wp\/v2\/media?parent=1"}],"curies":[{"name":"wp","href":"https:\/\/api.w.org\/{rel}","templated":true}]}}