{"id":19,"date":"2015-12-12T17:44:18","date_gmt":"2015-12-12T17:44:18","guid":{"rendered":"http:\/\/15.188.72.69\/wp\/?p=19"},"modified":"2016-09-23T09:35:12","modified_gmt":"2016-09-23T09:35:12","slug":"francesc-roses-albiol-presentacion","status":"publish","type":"page","link":"http:\/\/15.188.72.69\/index.php\/es\/francesc-roses-albiol-presentacion\/","title":{"rendered":"Francesc Ros\u00e9s Albiol &#8211; Presentaci\u00f3n"},"content":{"rendered":"<p>Esta es la web de Francesc Ros\u00e9s Albiol. Aqu\u00ed encontrar\u00e1n desde mi <a href=\"http:\/\/15.188.72.69\/index.php\/es\/experiencia-profesional\/\">trayectoria profesional<\/a> hasta <a href=\"http:\/\/15.188.72.69\/index.php\/es\/articulos\/\">art\u00edculos<\/a> y <a href=\"http:\/\/15.188.72.69\/index.php\/es\/descargas\/\">utilidades<\/a> que podr\u00e1n descargar.<\/p>\n","protected":false},"excerpt":{"rendered":"<p>Esta es la web de Francesc Ros\u00e9s Albiol. Aqu\u00ed encontrar\u00e1n desde mi trayectoria profesional hasta art\u00edculos y utilidades que podr\u00e1n descargar.<\/p>\n","protected":false},"author":1,"featured_media":0,"parent":0,"menu_order":0,"comment_status":"closed","ping_status":"open","template":"page-templates\/full-width.php","meta":{"footnotes":""},"class_list":["post-19","page","type-page","status-publish","hentry"],"_links":{"self":[{"href":"http:\/\/15.188.72.69\/index.php\/wp-json\/wp\/v2\/pages\/19","targetHints":{"allow":["GET"]}}],"collection":[{"href":"http:\/\/15.188.72.69\/index.php\/wp-json\/wp\/v2\/pages"}],"about":[{"href":"http:\/\/15.188.72.69\/index.php\/wp-json\/wp\/v2\/types\/page"}],"author":[{"embeddable":true,"href":"http:\/\/15.188.72.69\/index.php\/wp-json\/wp\/v2\/users\/1"}],"replies":[{"embeddable":true,"href":"http:\/\/15.188.72.69\/index.php\/wp-json\/wp\/v2\/comments?post=19"}],"version-history":[{"count":9,"href":"http:\/\/15.188.72.69\/index.php\/wp-json\/wp\/v2\/pages\/19\/revisions"}],"predecessor-version":[{"id":319,"href":"http:\/\/15.188.72.69\/index.php\/wp-json\/wp\/v2\/pages\/19\/revisions\/319"}],"wp:attachment":[{"href":"http:\/\/15.188.72.69\/index.php\/wp-json\/wp\/v2\/media?parent=19"}],"curies":[{"name":"wp","href":"https:\/\/api.w.org\/{rel}","templated":true}]}}