{"id":21,"date":"2015-12-12T17:36:52","date_gmt":"2015-12-12T17:36:52","guid":{"rendered":"http:\/\/15.188.72.69\/wp\/?page_id=21"},"modified":"2020-03-28T18:08:07","modified_gmt":"2020-03-28T18:08:07","slug":"experiencia-profesional","status":"publish","type":"page","link":"http:\/\/15.188.72.69\/index.php\/es\/experiencia-profesional\/","title":{"rendered":"Experiencia profesional"},"content":{"rendered":"<p>Desde 2018 trabajo en 3ASIDE S.L. como jefe de proyecto responsable del \u00e1rea de negocio relacionada con la consultor\u00eda de RRHH y de Java. Llegu\u00e9 a 3ASIDE despu\u00e9s de un breve periodo realizando las funciones de Incident Manager para Indra en el proyecto TSB Bank.<\/p>\n<p>En el 2010, empec\u00e9 a trabajar en Cofidis S.A. Sucursal en Espa\u00f1a como responsable t\u00e9cnico y de organizaci\u00f3n del canal Internet de la empresa que comprende tanto la solicitud y preaceptaci\u00f3n de cr\u00e9ditos on line como el espacio del que todos los clientes disponen para consultar y llevar a cabo sus operaciones on line y al que llamamos Espacio Cliente. Siendo \u00e9sta mi principal tarea en la compa\u00f1\u00eda, tambi\u00e9n lider\u00e9 una veintena m\u00e1s de proyectos que me permitieron trabajar con buena parte de los departamentos de la compa\u00f1\u00eda (Riesgo, Prevenci\u00f3n y blanqueo de capitales, Asesor\u00eda jur\u00eddica, Partners, Atenci\u00f3n al cliente y Postventa, Recursos humanos, Marca, Marketing, etc.) y enriquecer, as\u00ed, mi experiencia profesional.<\/p>\n<p>Posteriormente, me incorpor\u00e9 a la empresa TAIT Espa\u00f1a S.L. (perteneciente, como Cofidis, al grupo <em>Cr\u00e9dit Mutuel<\/em>) y\u00a0desde el 1 de septiembre de 2016, asum\u00ed las responsabilidades de coordinador t\u00e9cnico de Recursos Humanos de Cofidis Espa\u00f1a. Dej\u00e9 TAIT en noviembre de 2017.<\/p>\n<p>He trabajado como CTO, Gerente de cuentas, Jefe de proyecto y Arquitecto en diversas consultoras y en la Universitat de Barcelona (Centre d&#8217;Infom\u00e0tica). He colaborado en proyectos de formaci\u00f3n y he escrito <a href=\"http:\/\/15.188.72.69\/index.php\/es\/articulos\/\" target=\"_blank\" rel=\"noopener noreferrer\">art\u00edculos t\u00e9cnicos<\/a> en <a href=\"http:\/\/15.188.72.69\/index.php\/es\/articulos-en-formato-convencional\" target=\"_blank\" rel=\"noopener noreferrer\">revistas<\/a> y <a href=\"http:\/\/15.188.72.69\/index.php\/es\/articulos-en-formato-electronico\" target=\"_blank\" rel=\"noopener noreferrer\">sitios web especializados<\/a>.<\/p>\n<p>Pongo a su disposici\u00f3n mi curr\u00edculum vitae\u00a0donde intento dar una visi\u00f3n general y resumida de lo que ha sido mi carrera profesional. Pueden consultarlo haciendo clic\u00a0<a href=\"https:\/\/1drv.ms\/b\/s!AhwayXCoqBtWmWKQlrTEebcqjN_s?e=PaQLzj\" target=\"_blank\" rel=\"noopener noreferrer\">aqu\u00ed<\/a>.<\/p>\n","protected":false},"excerpt":{"rendered":"<p>Desde 2018 trabajo en 3ASIDE S.L. como jefe de proyecto responsable del \u00e1rea de negocio relacionada con la consultor\u00eda de RRHH y de Java. Llegu\u00e9 a 3ASIDE despu\u00e9s de un breve periodo realizando las funciones de Incident Manager para Indra en el proyecto TSB Bank. En el 2010, empec\u00e9 a trabajar en Cofidis S.A. Sucursal [&hellip;]<\/p>\n","protected":false},"author":1,"featured_media":0,"parent":0,"menu_order":0,"comment_status":"closed","ping_status":"closed","template":"page-templates\/full-width.php","meta":{"footnotes":""},"class_list":["post-21","page","type-page","status-publish","hentry"],"_links":{"self":[{"href":"http:\/\/15.188.72.69\/index.php\/wp-json\/wp\/v2\/pages\/21","targetHints":{"allow":["GET"]}}],"collection":[{"href":"http:\/\/15.188.72.69\/index.php\/wp-json\/wp\/v2\/pages"}],"about":[{"href":"http:\/\/15.188.72.69\/index.php\/wp-json\/wp\/v2\/types\/page"}],"author":[{"embeddable":true,"href":"http:\/\/15.188.72.69\/index.php\/wp-json\/wp\/v2\/users\/1"}],"replies":[{"embeddable":true,"href":"http:\/\/15.188.72.69\/index.php\/wp-json\/wp\/v2\/comments?post=21"}],"version-history":[{"count":23,"href":"http:\/\/15.188.72.69\/index.php\/wp-json\/wp\/v2\/pages\/21\/revisions"}],"predecessor-version":[{"id":402,"href":"http:\/\/15.188.72.69\/index.php\/wp-json\/wp\/v2\/pages\/21\/revisions\/402"}],"wp:attachment":[{"href":"http:\/\/15.188.72.69\/index.php\/wp-json\/wp\/v2\/media?parent=21"}],"curies":[{"name":"wp","href":"https:\/\/api.w.org\/{rel}","templated":true}]}}