{"id":48,"date":"2015-12-26T22:58:57","date_gmt":"2015-12-26T22:58:57","guid":{"rendered":"http:\/\/15.188.72.69\/wp\/?page_id=48"},"modified":"2017-03-30T02:45:59","modified_gmt":"2017-03-30T02:45:59","slug":"articulos-en-formato-convencional","status":"publish","type":"page","link":"http:\/\/15.188.72.69\/index.php\/es\/articulos-en-formato-convencional\/","title":{"rendered":"Art\u00edculos en formato convencional"},"content":{"rendered":"<p>Al principio de mi carrera, la \u00fanica manera de publicar era en formato convencional. Es decir, en papel.<\/p>\n<p>A continuaci\u00f3n, les presento una relaci\u00f3n de los art\u00edculos con los enlaces a los mismos en los casos que los he podido recuperar.<\/p>\n<table width=\"729\" cellspacing=\"0\" cellpadding=\"5\">\n<colgroup>\n<col width=\"56\" \/>\n<col width=\"651\" \/><\/colgroup>\n<tbody>\n<tr style=\"height: 105.5px;\" valign=\"top\">\n<td style=\"height: 105.5px;\" width=\"56\">\n<p lang=\"es-ES\"><span style=\"color: #000000;\"><span style=\"font-size: medium;\"><b>1995<\/b><\/span><\/span><\/p>\n<\/td>\n<td style=\"height: 105.5px;\" width=\"651\">\n<p align=\"left\"><span style=\"color: #000000;\"><span style=\"font-size: medium;\"><span lang=\"es-ES\">F. R<\/span><\/span><\/span><span style=\"color: #000000;\"><span style=\"font-size: xx-small;\"><span lang=\"es-ES\">OS\u00c9S,<\/span><\/span><\/span><span style=\"color: #000000;\"><span style=\"font-size: medium;\"><span lang=\"es-ES\">\u00a0J. M. B<\/span><\/span><\/span><span style=\"color: #000000;\"><span style=\"font-size: xx-small;\"><span lang=\"es-ES\">LASCO<\/span><\/span><\/span><span style=\"color: #000000;\"><span style=\"font-size: medium;\"><span lang=\"es-ES\">.\u00a0<\/span><\/span><\/span><span style=\"color: #000000;\"><span style=\"font-size: medium;\"><span lang=\"es-ES\"><i>Introducci\u00f3n a la programaci\u00f3n visual con REXX en OS\/2.<\/i><\/span><\/span><\/span><span style=\"color: #000000;\"><span style=\"font-size: medium;\"><span lang=\"es-ES\">\u00a0Revista profesional para programadores (RPP) n\u00ba 9, Ed. Anaya Multimedia, Julio 1995 <a href=\"https:\/\/www.dropbox.com\/s\/d07qlp5akwwpaxn\/1995-07-Introduccion-a-la-programacion-visual-con-REXX-en-OS2-I.pdf?dl=0\"><img loading=\"lazy\" decoding=\"async\" class=\"alignnone wp-image-42 size-full\" src=\"http:\/\/15.188.72.69\/wp-content\/uploads\/2015\/12\/pdf.gif\" alt=\"\" width=\"40\" height=\"13\" \/><\/a><\/span><\/span><\/span><\/p>\n<\/td>\n<\/tr>\n<tr style=\"height: 126px;\" valign=\"top\">\n<td style=\"height: 735px;\" rowspan=\"6\" width=\"56\">\n<p lang=\"es-ES\" align=\"left\"><span style=\"color: #000000;\"><span style=\"font-size: medium;\"><b>1996<\/b><\/span><\/span><\/p>\n<\/td>\n<td style=\"height: 126px;\" width=\"651\">\n<p align=\"left\"><span style=\"color: #000000;\"><span style=\"font-size: medium;\"><span lang=\"es-ES\">F. R<\/span><\/span><\/span><span style=\"color: #000000;\"><span style=\"font-size: xx-small;\"><span lang=\"es-ES\">OS\u00c9S<\/span><\/span><\/span><span style=\"color: #000000;\"><span style=\"font-size: medium;\"><span lang=\"es-ES\">, J. M. B<\/span><\/span><\/span><span style=\"color: #000000;\"><span style=\"font-size: xx-small;\"><span lang=\"es-ES\">LASCO<\/span><\/span><\/span><span style=\"color: #000000;\"><span style=\"font-size: medium;\"><span lang=\"es-ES\">.\u00a0<\/span><\/span><\/span><span style=\"color: #000000;\"><span style=\"font-size: medium;\"><span lang=\"es-ES\"><i>Utilidades para OS\/2.<\/i><\/span><\/span><\/span><span style=\"color: #000000;\"><span style=\"font-size: medium;\"><span lang=\"es-ES\">\u00a0Revista profesional para programadores (RPP) n\u00ba 3-0696-16, Ed. Am\u00e9rica Ib\u00e9rica, Marzo 1996, pp. 26-30 y CD-ROM que acompa\u00f1a a la revista. <a href=\"https:\/\/www.dropbox.com\/s\/n9r04vnflcudxg1\/1996-03-Utilidades-para-OS-2.pdf?dl=0\"><img loading=\"lazy\" decoding=\"async\" class=\"alignnone wp-image-42 size-full\" src=\"http:\/\/15.188.72.69\/wp-content\/uploads\/2015\/12\/pdf.gif\" alt=\"\" width=\"40\" height=\"13\" \/><\/a><\/span><\/span><\/span><\/p>\n<\/td>\n<\/tr>\n<tr style=\"height: 126px;\" valign=\"top\">\n<td style=\"height: 126px;\" width=\"651\">\n<p align=\"left\"><span style=\"color: #000000;\"><span style=\"font-size: medium;\"><span lang=\"es-ES\">F. R<\/span><\/span><\/span><span style=\"color: #000000;\"><span style=\"font-size: xx-small;\"><span lang=\"es-ES\">OS\u00c9S<\/span><\/span><\/span><span style=\"color: #000000;\"><span style=\"font-size: medium;\"><span lang=\"es-ES\">, J. M. B<\/span><\/span><\/span><span style=\"color: #000000;\"><span style=\"font-size: xx-small;\"><span lang=\"es-ES\">LASCO<\/span><\/span><\/span><span style=\"color: #000000;\"><span style=\"font-size: medium;\"><span lang=\"es-ES\">.\u00a0<\/span><\/span><\/span><span style=\"color: #000000;\"><span style=\"font-size: medium;\"><span lang=\"es-ES\"><i>VisPro\/REXX y VX\u00b7REXX.<\/i><\/span><\/span><\/span><span style=\"color: #000000;\"><span style=\"font-size: medium;\"><span lang=\"es-ES\">\u00a0Revista profesional para programadores (RPP) n\u00ba 3-0696-16, Ed. Am\u00e9rica Ib\u00e9rica, Marzo 1996, pp. 31-36. <a href=\"https:\/\/www.dropbox.com\/s\/br495f8ymipskxu\/1996-03-Programacion-visual-en-REXX-VisPro-REXX-y-VX-REXX.pdf?dl=0\"><img loading=\"lazy\" decoding=\"async\" class=\"alignnone wp-image-42 size-full\" src=\"http:\/\/15.188.72.69\/wp-content\/uploads\/2015\/12\/pdf.gif\" alt=\"\" width=\"40\" height=\"13\" \/><\/a><\/span><\/span><\/span><\/p>\n<\/td>\n<\/tr>\n<tr style=\"height: 126px;\" valign=\"top\">\n<td style=\"height: 126px;\" width=\"651\">\n<p align=\"left\"><span style=\"color: #000000;\"><span style=\"font-size: medium;\"><span lang=\"es-ES\">J. M. B<\/span><\/span><\/span><span style=\"color: #000000;\"><span style=\"font-size: xx-small;\"><span lang=\"es-ES\">LASCO<\/span><\/span><\/span><span style=\"color: #000000;\"><span style=\"font-size: medium;\"><span lang=\"es-ES\">, F. R<\/span><\/span><\/span><span style=\"color: #000000;\"><span style=\"font-size: xx-small;\"><span lang=\"es-ES\">OS\u00c9S<\/span><\/span><\/span><span style=\"color: #000000;\"><span style=\"font-size: medium;\"><span lang=\"es-ES\">.\u00a0<\/span><\/span><\/span><span style=\"color: #000000;\"><span style=\"font-size: medium;\"><span lang=\"es-ES\"><i>Novedades en DB2\/2 versi\u00f3n 2.1.<\/i><\/span><\/span><\/span><span style=\"color: #000000;\"><span style=\"font-size: medium;\"><span lang=\"es-ES\">\u00a0Revista profesional para programadores (RPP) n\u00ba 3-0696-16, Ed. Am\u00e9rica Ib\u00e9rica, Marzo 1996. <a href=\"https:\/\/www.dropbox.com\/s\/atqdy031kqye9oa\/1996-03-Bases-de-datos-relacionales-Novedades-en-DB2-2-version-2-1.pdf?dl=0\"><img loading=\"lazy\" decoding=\"async\" class=\"alignnone wp-image-42 size-full\" src=\"http:\/\/15.188.72.69\/wp-content\/uploads\/2015\/12\/pdf.gif\" alt=\"Polsi per descarregar.\" width=\"40\" height=\"13\" \/><\/a><\/span><\/span><\/span><\/p>\n<\/td>\n<\/tr>\n<tr style=\"height: 105px;\" valign=\"top\">\n<td style=\"height: 105px;\" width=\"651\">\n<p align=\"left\"><span style=\"color: #000000;\"><span style=\"font-size: medium;\"><span lang=\"es-ES\">F. R<\/span><\/span><\/span><span style=\"color: #000000;\"><span style=\"font-size: xx-small;\"><span lang=\"es-ES\">OS\u00c9S<\/span><\/span><\/span><span style=\"color: #000000;\"><span style=\"font-size: medium;\"><span lang=\"es-ES\">.\u00a0<\/span><\/span><\/span><span style=\"color: #000000;\"><span style=\"font-size: medium;\"><span lang=\"es-ES\"><i>Configuraci\u00f3n del Escritorio de OS\/2 Warp mediante Rexx.<\/i><\/span><\/span><\/span><span style=\"color: #000000;\"><span style=\"font-size: medium;\"><span lang=\"es-ES\">\u00a0Revista profesional para programadores (RPP) n\u00ba 4-0696-17, Ed. Am\u00e9rica Ib\u00e9rica, Abril 1996.<\/span><\/span><\/span><\/p>\n<\/td>\n<\/tr>\n<tr style=\"height: 126px;\" valign=\"top\">\n<td style=\"height: 126px;\" width=\"651\">\n<p align=\"left\"><span style=\"color: #000000;\"><span style=\"font-size: medium;\"><span lang=\"es-ES\">J. M. B<\/span><\/span><\/span><span style=\"color: #000000;\"><span style=\"font-size: xx-small;\"><span lang=\"es-ES\">LASCO<\/span><\/span><\/span><span style=\"color: #000000;\"><span style=\"font-size: medium;\"><span lang=\"es-ES\">, F. R<\/span><\/span><\/span><span style=\"color: #000000;\"><span style=\"font-size: xx-small;\"><span lang=\"es-ES\">OS\u00c9S<\/span><\/span><\/span><span style=\"color: #000000;\"><span style=\"font-size: medium;\"><span lang=\"es-ES\">.\u00a0<\/span><\/span><\/span><span style=\"color: #000000;\"><span style=\"font-size: medium;\"><span lang=\"en-US\"><i>Merlin.<\/i><\/span><\/span><\/span><span style=\"color: #000000;\"><span style=\"font-size: medium;\"><span lang=\"es-ES\"><i>\u00a0La nueva generaci\u00f3n de OS\/2 Warp.<\/i><\/span><\/span><\/span><span style=\"color: #000000;\"><span style=\"font-size: medium;\"><span lang=\"es-ES\">\u00a0Revista profesional para programadores (RPP) n\u00ba 9-1296-22, Ed. Am\u00e9rica Ib\u00e9rica, Septiembre 1996. <a href=\"https:\/\/www.dropbox.com\/s\/55spx63tyii4jix\/1996-10-Merlin-La-nueva-generacion-de-OS2-Warp.pdf?dl=0\"><img loading=\"lazy\" decoding=\"async\" class=\"alignnone wp-image-42 size-full\" src=\"http:\/\/15.188.72.69\/wp-content\/uploads\/2015\/12\/pdf.gif\" alt=\"Polsi per descarregar.\" width=\"40\" height=\"13\" \/><\/a><\/span><\/span><\/span><\/p>\n<\/td>\n<\/tr>\n<tr style=\"height: 126px;\" valign=\"top\">\n<td style=\"height: 126px;\" width=\"651\">\n<p align=\"left\"><span style=\"color: #000000;\"><span style=\"font-size: medium;\"><span lang=\"es-ES\">J. M. B<\/span><\/span><\/span><span style=\"color: #000000;\"><span style=\"font-size: xx-small;\"><span lang=\"es-ES\">LASCO<\/span><\/span><\/span><span style=\"color: #000000;\"><span style=\"font-size: medium;\"><span lang=\"es-ES\">, F. R<\/span><\/span><\/span><span style=\"color: #000000;\"><span style=\"font-size: xx-small;\"><span lang=\"es-ES\">OS\u00c9S<\/span><\/span><\/span><span style=\"color: #000000;\"><span style=\"font-size: medium;\"><span lang=\"es-ES\">.\u00a0<\/span><\/span><\/span><span style=\"color: #000000;\"><span style=\"font-size: medium;\"><span lang=\"en-GB\"><i>OS\/2 Warp Server<\/i><\/span><\/span><\/span><span style=\"color: #000000;\"><span style=\"font-size: medium;\"><span lang=\"en-GB\">.\u00a0<\/span><\/span><\/span><span style=\"color: #000000;\"><span style=\"font-size: medium;\"><span lang=\"es-ES\">Revista profesional para programadores (RPP) n\u00ba 9-1296-22, Ed. Am\u00e9rica Ib\u00e9rica, Septiembre 1996. <a href=\"https:\/\/www.dropbox.com\/s\/gj9yk13husmii44\/1996-10-OS2-Warp-Server.pdf?dl=0\"><img loading=\"lazy\" decoding=\"async\" class=\"alignnone wp-image-42 size-full\" src=\"http:\/\/15.188.72.69\/wp-content\/uploads\/2015\/12\/pdf.gif\" alt=\"Polsi per descarregar.\" width=\"40\" height=\"13\" \/><\/a><\/span><\/span><\/span><\/p>\n<\/td>\n<\/tr>\n<tr style=\"height: 78px;\" valign=\"top\">\n<td style=\"height: 78px;\" width=\"56\">\n<p lang=\"es-ES\" align=\"left\"><span style=\"color: #000000;\"><span style=\"font-size: medium;\"><b>2006<\/b><\/span><\/span><\/p>\n<\/td>\n<td style=\"height: 78px;\" width=\"651\">\n<p lang=\"es-ES\"><span style=\"color: #000000;\"><span style=\"font-size: medium;\">F. R<\/span><\/span><span style=\"color: #000000;\"><span style=\"font-size: xx-small;\">OS\u00c9S<\/span><\/span><span style=\"color: #000000;\"><span style=\"font-size: medium;\">.\u00a0<span lang=\"es-ES\">\u00a0<\/span><span style=\"color: #000000;\"><span style=\"font-size: medium;\"><span lang=\"es-ES\"><i>Los frameworks nos gustan mucho, por eso tenemos tantos<\/i>. S\u00f3lo Programadores, n\u00ba 134, Febrero 2006.<\/span><\/span><\/span><\/span><\/span><\/p>\n<\/td>\n<\/tr>\n<\/tbody>\n<\/table>\n","protected":false},"excerpt":{"rendered":"<p>Al principio de mi carrera, la \u00fanica manera de publicar era en formato convencional. Es decir, en papel. A continuaci\u00f3n, les presento una relaci\u00f3n de los art\u00edculos con los enlaces a los mismos en los casos que los he podido recuperar. 1995 F. ROS\u00c9S,\u00a0J. M. BLASCO.\u00a0Introducci\u00f3n a la programaci\u00f3n visual con REXX en OS\/2.\u00a0Revista profesional [&hellip;]<\/p>\n","protected":false},"author":1,"featured_media":0,"parent":0,"menu_order":0,"comment_status":"closed","ping_status":"closed","template":"page-templates\/full-width.php","meta":{"footnotes":""},"class_list":["post-48","page","type-page","status-publish","hentry"],"_links":{"self":[{"href":"http:\/\/15.188.72.69\/index.php\/wp-json\/wp\/v2\/pages\/48","targetHints":{"allow":["GET"]}}],"collection":[{"href":"http:\/\/15.188.72.69\/index.php\/wp-json\/wp\/v2\/pages"}],"about":[{"href":"http:\/\/15.188.72.69\/index.php\/wp-json\/wp\/v2\/types\/page"}],"author":[{"embeddable":true,"href":"http:\/\/15.188.72.69\/index.php\/wp-json\/wp\/v2\/users\/1"}],"replies":[{"embeddable":true,"href":"http:\/\/15.188.72.69\/index.php\/wp-json\/wp\/v2\/comments?post=48"}],"version-history":[{"count":10,"href":"http:\/\/15.188.72.69\/index.php\/wp-json\/wp\/v2\/pages\/48\/revisions"}],"predecessor-version":[{"id":354,"href":"http:\/\/15.188.72.69\/index.php\/wp-json\/wp\/v2\/pages\/48\/revisions\/354"}],"wp:attachment":[{"href":"http:\/\/15.188.72.69\/index.php\/wp-json\/wp\/v2\/media?parent=48"}],"curies":[{"name":"wp","href":"https:\/\/api.w.org\/{rel}","templated":true}]}}