{"id":52,"date":"2015-12-26T23:00:06","date_gmt":"2015-12-26T23:00:06","guid":{"rendered":"http:\/\/15.188.72.69\/wp\/?page_id=52"},"modified":"2017-05-04T17:55:22","modified_gmt":"2017-05-04T17:55:22","slug":"articulos-en-formato-electronico","status":"publish","type":"page","link":"http:\/\/15.188.72.69\/index.php\/es\/articulos-en-formato-electronico\/","title":{"rendered":"Art\u00edculos en formato electr\u00f3nico"},"content":{"rendered":"<p>Con la expansi\u00f3n de Internet, el formato convencional de publicaci\u00f3n, el papel, va dejando paso, especialmente en el \u00e1mbito de la literatura t\u00e9cnica, a las publicaciones en formato digital.<\/p>\n<p>Durante el \u00faltimo trimestre de 2004 y\u00a0el primero de 2005, publico cuatro\u00a0art\u00edculos en\u00a0javaHispano (<a href=\"http:\/\/www.javahispano.org\" target=\"_blank\" rel=\"noopener noreferrer\">http:\/\/www.javahispano.org<\/a>).<\/p>\n<ul>\n<li><em>JTable, TableModel y rendimiento<\/em>\u00a0&#8211; Este art\u00edculo plantea un uso m\u00e1s racional de los modelos de JTable y propone una soluci\u00f3n para la gesti\u00f3n de grandes vol\u00famenes de registros desde este componente Swing.\u00a0\u00a0<a href=\"https:\/\/www.dropbox.com\/s\/kqmv51p2xfiejts\/TableModels.pdf?dl=0\" target=\"_blank\" rel=\"noopener noreferrer\"><img loading=\"lazy\" decoding=\"async\" class=\"alignnone wp-image-42 size-full\" title=\"Table, TableModel y rendimiento.\" src=\"http:\/\/15.188.72.69\/wp-content\/uploads\/2015\/12\/pdf.gif\" alt=\"Descargar el art\u00edculo (PDF)\" width=\"40\" height=\"13\" \/><\/a>\u00a0<a href=\"https:\/\/www.dropbox.com\/s\/r1u898mu7sp1yj6\/TABLEMODELS_SRC.zip?dl=0\" target=\"_blank\" rel=\"noopener noreferrer\"><img loading=\"lazy\" decoding=\"async\" class=\"alignnone wp-image-101\" title=\"Descargar c\u00f3digo fuente.\" src=\"http:\/\/15.188.72.69\/wp-content\/uploads\/2016\/01\/ZIP.png\" alt=\"Descargar c\u00f3digo fuente.\" width=\"16\" height=\"16\" srcset=\"http:\/\/15.188.72.69\/wp-content\/uploads\/2016\/01\/ZIP.png 256w, http:\/\/15.188.72.69\/wp-content\/uploads\/2016\/01\/ZIP-150x150.png 150w\" sizes=\"auto, (max-width: 16px) 100vw, 16px\" \/><\/a><\/li>\n<li><em>Subreports con Jasper Report<\/em>\u00a0&#8211; Tutorial destinado a cubrir el vac\u00edo informativo sobre el uso de subreportes en JasperReports.\u00a0<a href=\"https:\/\/www.dropbox.com\/s\/mbkum2j4sh6udot\/SUBREPORTS_TUTORIAL.pdf?dl=0\" target=\"_blank\" rel=\"noopener noreferrer\"><img loading=\"lazy\" decoding=\"async\" class=\"alignnone wp-image-42 size-full\" title=\"Subreports con Jasper Report\" src=\"http:\/\/15.188.72.69\/wp-content\/uploads\/2015\/12\/pdf.gif\" alt=\"Descargar el art\u00edculo (PDF)\" width=\"40\" height=\"13\" \/><\/a>\u00a0<a href=\"https:\/\/www.dropbox.com\/s\/7ubviwscvbto9w4\/SUBREPORTS_TUTORIAL_SRC.zip?dl=0\" target=\"_blank\" rel=\"noopener noreferrer\"><img loading=\"lazy\" decoding=\"async\" class=\"alignnone wp-image-101\" title=\"Descargar c\u00f3digo fuente.\" src=\"http:\/\/15.188.72.69\/wp-content\/uploads\/2016\/01\/ZIP.png\" alt=\"Descargar c\u00f3digo fuente.\" width=\"16\" height=\"16\" srcset=\"http:\/\/15.188.72.69\/wp-content\/uploads\/2016\/01\/ZIP.png 256w, http:\/\/15.188.72.69\/wp-content\/uploads\/2016\/01\/ZIP-150x150.png 150w\" sizes=\"auto, (max-width: 16px) 100vw, 16px\" \/><\/a><\/li>\n<li><em>Introducci\u00f3n a Hibernate<\/em>\u00a0&#8211; Introducci\u00f3n al framework de persistencia objetual Hibernate.<br \/>\n[Premio javaHispano al mejor art\u00edculo de 2005]\u00a0<a href=\"https:\/\/www.dropbox.com\/s\/9acni13pzq4377v\/Hibernate_Introduccion_es.pdf?dl=0\" target=\"_blank\" rel=\"noopener noreferrer\"><img loading=\"lazy\" decoding=\"async\" class=\"alignnone wp-image-42 size-full\" title=\"Introducci\u00f3n a Hibernate.\" src=\"http:\/\/15.188.72.69\/wp-content\/uploads\/2015\/12\/pdf.gif\" alt=\"Descargar el art\u00edculo (PDF)\" width=\"40\" height=\"13\" \/><\/a>\u00a0<a href=\"https:\/\/www.dropbox.com\/s\/jy6j8cvmhql4mrx\/HIBERNATE_INTRODUCCION_SRC.zip?dl=0\" target=\"_blank\" rel=\"noopener noreferrer\"><img loading=\"lazy\" decoding=\"async\" class=\"alignnone wp-image-101\" title=\"Descargar c\u00f3digo fuente.\" src=\"http:\/\/15.188.72.69\/wp-content\/uploads\/2016\/01\/ZIP.png\" alt=\"Descargar c\u00f3digo fuente (Zip).\" width=\"16\" height=\"16\" srcset=\"http:\/\/15.188.72.69\/wp-content\/uploads\/2016\/01\/ZIP.png 256w, http:\/\/15.188.72.69\/wp-content\/uploads\/2016\/01\/ZIP-150x150.png 150w\" sizes=\"auto, (max-width: 16px) 100vw, 16px\" \/><\/a><\/li>\n<li><em>Usos interesantes de JFormattedTextField<\/em>\u00a0\u2013 Tutorial sobre los fundamentos i usos de JFormattedTextField, con\u00a0widgets de ejemplo.\u00a0<a href=\"https:\/\/www.dropbox.com\/s\/xbsmfngmonirkxe\/JFormattedTextField.pdf?dl=0\" target=\"_blank\" rel=\"noopener noreferrer\"><img loading=\"lazy\" decoding=\"async\" class=\"alignnone wp-image-42 size-full\" title=\"Usos interesantes de JFormattedTextField\" src=\"http:\/\/15.188.72.69\/wp-content\/uploads\/2015\/12\/pdf.gif\" alt=\"Descargar el art\u00edculo (PDF)\" width=\"40\" height=\"13\" \/><\/a>\u00a0<a href=\"https:\/\/www.dropbox.com\/s\/t5n7u1zd9j4732i\/JFORMATTEDTEXTFIELD_SRC.zip?dl=0\" target=\"_blank\" rel=\"noopener noreferrer\"><img loading=\"lazy\" decoding=\"async\" class=\"alignnone wp-image-101\" title=\"Descargar c\u00f3digo fuente.\" src=\"http:\/\/15.188.72.69\/wp-content\/uploads\/2016\/01\/ZIP.png\" alt=\"Descargar c\u00f3digo fuente.\" width=\"16\" height=\"16\" srcset=\"http:\/\/15.188.72.69\/wp-content\/uploads\/2016\/01\/ZIP.png 256w, http:\/\/15.188.72.69\/wp-content\/uploads\/2016\/01\/ZIP-150x150.png 150w\" sizes=\"auto, (max-width: 16px) 100vw, 16px\" \/><\/a><\/li>\n<\/ul>\n","protected":false},"excerpt":{"rendered":"<p>Con la expansi\u00f3n de Internet, el formato convencional de publicaci\u00f3n, el papel, va dejando paso, especialmente en el \u00e1mbito de la literatura t\u00e9cnica, a las publicaciones en formato digital. Durante el \u00faltimo trimestre de 2004 y\u00a0el primero de 2005, publico cuatro\u00a0art\u00edculos en\u00a0javaHispano (http:\/\/www.javahispano.org). JTable, TableModel y rendimiento\u00a0&#8211; Este art\u00edculo plantea un uso m\u00e1s racional de [&hellip;]<\/p>\n","protected":false},"author":1,"featured_media":0,"parent":0,"menu_order":0,"comment_status":"closed","ping_status":"closed","template":"page-templates\/full-width.php","meta":{"footnotes":""},"class_list":["post-52","page","type-page","status-publish","hentry"],"_links":{"self":[{"href":"http:\/\/15.188.72.69\/index.php\/wp-json\/wp\/v2\/pages\/52","targetHints":{"allow":["GET"]}}],"collection":[{"href":"http:\/\/15.188.72.69\/index.php\/wp-json\/wp\/v2\/pages"}],"about":[{"href":"http:\/\/15.188.72.69\/index.php\/wp-json\/wp\/v2\/types\/page"}],"author":[{"embeddable":true,"href":"http:\/\/15.188.72.69\/index.php\/wp-json\/wp\/v2\/users\/1"}],"replies":[{"embeddable":true,"href":"http:\/\/15.188.72.69\/index.php\/wp-json\/wp\/v2\/comments?post=52"}],"version-history":[{"count":17,"href":"http:\/\/15.188.72.69\/index.php\/wp-json\/wp\/v2\/pages\/52\/revisions"}],"predecessor-version":[{"id":364,"href":"http:\/\/15.188.72.69\/index.php\/wp-json\/wp\/v2\/pages\/52\/revisions\/364"}],"wp:attachment":[{"href":"http:\/\/15.188.72.69\/index.php\/wp-json\/wp\/v2\/media?parent=52"}],"curies":[{"name":"wp","href":"https:\/\/api.w.org\/{rel}","templated":true}]}}