{"id":66,"date":"2015-12-29T15:31:25","date_gmt":"2015-12-29T15:31:25","guid":{"rendered":"http:\/\/15.188.72.69\/wp\/?page_id=66"},"modified":"2017-05-04T18:08:27","modified_gmt":"2017-05-04T18:08:27","slug":"descargas","status":"publish","type":"page","link":"http:\/\/15.188.72.69\/index.php\/es\/descargas\/","title":{"rendered":"Descargas"},"content":{"rendered":"<p>Durante mi trayectoria profesional en el mundo de la inform\u00e1tica, he desarrollado algunas herramientas\u00a0que creo que pueden ser de inter\u00e9s general. Poco a poco, las ir\u00e9 poniendo en este apartado.<\/p>\n<p>Hay que remarcar que todo lo que encontrar\u00e1n ha sido desarrollado para mi uso personal, por lo cual pueden encontrar errores y es posible que la documentaci\u00f3n no est\u00e9 completa. Intentar\u00e9, siempre que el tiempo me lo permita, completar las deficiencias. A pesar de todo, como proporciono el c\u00f3digo fuente, siempre lo pueden corregir ustedes mismos.<\/p>\n<table>\n<thead>\n<tr>\n<th>Aplicaci\u00f3N<\/th>\n<th>Descripci\u00f3N<\/th>\n<th>C\u00f3diGO fUENTE<\/th>\n<\/tr>\n<tr>\n<td style=\"vertical-align: top;\">Finder Garbage Cleaner<\/td>\n<td style=\"vertical-align: top;\">Herramienta para eliminar de manera sencilla los archivos y carpetas que el sistema operativo de Apple OS X deja en discos y carpetas que no tienen su formato de archivos (HFS). [<a href=\"http:\/\/15.188.72.69\/index.php\/es\/finder-garbage-cleanner-descripcion\/\" target=\"_blank\" rel=\"noopener noreferrer\">M\u00e1s informaci\u00f3n<\/a>]<\/td>\n<td style=\"vertical-align: top;\"><a href=\"https:\/\/www.dropbox.com\/s\/399e0nuj1nztx34\/FinderGarbageCleaner.zip?dl=0\" target=\"_blank\" rel=\"attachment wp-att-95 noopener noreferrer\"><img loading=\"lazy\" decoding=\"async\" class=\"alignnone wp-image-95\" title=\"Descargar c\u00f3digo fuente.\" src=\"http:\/\/15.188.72.69\/wp-content\/uploads\/2016\/01\/ZIP.png\" alt=\"Zip\" width=\"32\" height=\"32\" srcset=\"http:\/\/15.188.72.69\/wp-content\/uploads\/2016\/01\/ZIP.png 256w, http:\/\/15.188.72.69\/wp-content\/uploads\/2016\/01\/ZIP-150x150.png 150w\" sizes=\"auto, (max-width: 32px) 100vw, 32px\" \/><\/a><\/td>\n<\/tr>\n<tr>\n<td style=\"vertical-align: top;\">TradCatInformatica<\/td>\n<td style=\"vertical-align: top;\">Herramienta de ayuda a la escritura y traducci\u00f3n de textos en catal\u00e1n relacionados con las tecnolog\u00edas inform\u00e1ticas.<\/p>\n<p>La aplicaci\u00f3n permite consultar de manera f\u00e1cil las equivalencias en catal\u00e1n de los t\u00e9rminos inform\u00e1ticos ingleses. [<a href=\"http:\/\/15.188.72.69\/index.php\/es\/tradcatinformatica-descripcion\/\" target=\"_blank\" rel=\"noopener noreferrer\">M\u00e1s informaci\u00f3n<\/a>]<\/td>\n<td style=\"vertical-align: top;\">\u00a0<a href=\"https:\/\/www.dropbox.com\/s\/wr77jdtn02scsz7\/TradCatInformatica.zip?dl=0\" target=\"_blank\" rel=\"attachment wp-att-95 noopener noreferrer\"><img loading=\"lazy\" decoding=\"async\" class=\"alignnone wp-image-95\" title=\"Descargar c\u00f3digo fuente.\" src=\"http:\/\/15.188.72.69\/wp-content\/uploads\/2016\/01\/ZIP.png\" alt=\"Zip\" width=\"32\" height=\"32\" srcset=\"http:\/\/15.188.72.69\/wp-content\/uploads\/2016\/01\/ZIP.png 256w, http:\/\/15.188.72.69\/wp-content\/uploads\/2016\/01\/ZIP-150x150.png 150w\" sizes=\"auto, (max-width: 32px) 100vw, 32px\" \/><\/a><\/td>\n<\/tr>\n<tr>\n<td style=\"vertical-align: top;\">StringTools<\/td>\n<td style=\"vertical-align: top;\">Funciones Java para el tratamiento de tiras de caracteres que reproducen la mayor parte de las que hay en el lenguaje Rexx. [<a href=\"http:\/\/15.188.72.69\/index.php\/es\/stringtools-descripcion\/\" target=\"_blank\" rel=\"noopener noreferrer\">M\u00e1s informaci\u00f3n<\/a>]<\/td>\n<td style=\"vertical-align: top;\">\u00a0<a href=\"https:\/\/www.dropbox.com\/s\/mzhzzuwrrd6m25k\/FStringTools.zip?dl=0\" target=\"_blank\" rel=\"attachment wp-att-95 noopener noreferrer\"><img loading=\"lazy\" decoding=\"async\" class=\"alignnone wp-image-95\" title=\"Descargar c\u00f3digo fuente.\" src=\"http:\/\/15.188.72.69\/wp-content\/uploads\/2016\/01\/ZIP.png\" alt=\"Zip\" width=\"32\" height=\"32\" srcset=\"http:\/\/15.188.72.69\/wp-content\/uploads\/2016\/01\/ZIP.png 256w, http:\/\/15.188.72.69\/wp-content\/uploads\/2016\/01\/ZIP-150x150.png 150w\" sizes=\"auto, (max-width: 32px) 100vw, 32px\" \/><\/a><\/td>\n<\/tr>\n<tr>\n<td style=\"vertical-align: top;\">Widgets<\/td>\n<td style=\"vertical-align: top;\">Conjunto de widgets visuales y no visuales para el desarrollo de interfaces de usuario con Swing. [<a href=\"http:\/\/15.188.72.69\/index.php\/es\/widgets-descripcion\/\" target=\"_blank\" rel=\"noopener noreferrer\">M\u00e1s informaci\u00f3n<\/a>]<\/td>\n<td style=\"vertical-align: top;\">\u00a0<a href=\"https:\/\/www.dropbox.com\/s\/84i7zmqn352fra7\/FWidgets.zip?dl=0\" target=\"_blank\" rel=\"attachment wp-att-95 noopener noreferrer\"><img loading=\"lazy\" decoding=\"async\" class=\"alignnone wp-image-95\" title=\"Descargar c\u00f3digo fuente.\" src=\"http:\/\/15.188.72.69\/wp-content\/uploads\/2016\/01\/ZIP.png\" alt=\"Zip\" width=\"32\" height=\"32\" srcset=\"http:\/\/15.188.72.69\/wp-content\/uploads\/2016\/01\/ZIP.png 256w, http:\/\/15.188.72.69\/wp-content\/uploads\/2016\/01\/ZIP-150x150.png 150w\" sizes=\"auto, (max-width: 32px) 100vw, 32px\" \/><\/a><\/td>\n<\/tr>\n<\/thead>\n<\/table>\n<p><u><strong>Nota<\/strong><\/u><strong>: No me hago responsable de los posibles perjuicios que pueda sufrir el usuario de mi software. Quien lo use, lo hace bajo su propia responsabilidad.<\/strong><\/p>\n","protected":false},"excerpt":{"rendered":"<p>Durante mi trayectoria profesional en el mundo de la inform\u00e1tica, he desarrollado algunas herramientas\u00a0que creo que pueden ser de inter\u00e9s general. Poco a poco, las ir\u00e9 poniendo en este apartado. Hay que remarcar que todo lo que encontrar\u00e1n ha sido desarrollado para mi uso personal, por lo cual pueden encontrar errores y es posible que [&hellip;]<\/p>\n","protected":false},"author":1,"featured_media":0,"parent":0,"menu_order":0,"comment_status":"closed","ping_status":"closed","template":"page-templates\/full-width.php","meta":{"footnotes":""},"class_list":["post-66","page","type-page","status-publish","hentry"],"_links":{"self":[{"href":"http:\/\/15.188.72.69\/index.php\/wp-json\/wp\/v2\/pages\/66","targetHints":{"allow":["GET"]}}],"collection":[{"href":"http:\/\/15.188.72.69\/index.php\/wp-json\/wp\/v2\/pages"}],"about":[{"href":"http:\/\/15.188.72.69\/index.php\/wp-json\/wp\/v2\/types\/page"}],"author":[{"embeddable":true,"href":"http:\/\/15.188.72.69\/index.php\/wp-json\/wp\/v2\/users\/1"}],"replies":[{"embeddable":true,"href":"http:\/\/15.188.72.69\/index.php\/wp-json\/wp\/v2\/comments?post=66"}],"version-history":[{"count":19,"href":"http:\/\/15.188.72.69\/index.php\/wp-json\/wp\/v2\/pages\/66\/revisions"}],"predecessor-version":[{"id":368,"href":"http:\/\/15.188.72.69\/index.php\/wp-json\/wp\/v2\/pages\/66\/revisions\/368"}],"wp:attachment":[{"href":"http:\/\/15.188.72.69\/index.php\/wp-json\/wp\/v2\/media?parent=66"}],"curies":[{"name":"wp","href":"https:\/\/api.w.org\/{rel}","templated":true}]}}